{"id":26,"date":"2018-07-10T09:39:23","date_gmt":"2018-07-10T12:39:23","guid":{"rendered":"http:\/\/localhost\/~bruno\/www\/dna-cidadania\/wordpress\/?page_id=26"},"modified":"2023-06-18T23:29:02","modified_gmt":"2023-06-18T22:29:02","slug":"dna-cidadania-portuguesa-servicos","status":"publish","type":"page","link":"https:\/\/www.dnacidadania.com.br\/antigo\/dna-cidadania-portuguesa-servicos\/","title":{"rendered":"Servi\u00e7os"},"content":{"rendered":"<p>[mk_page_section bg_image=&#8221;https:\/\/dnacidadania.com.br\/antigo\/wp-content\/uploads\/2018\/10\/bg-topos-servicos1.jpg&#8221; bg_repeat=&#8221;no-repeat&#8221; video_opacity=&#8221;0.0&#8243; min_height=&#8221;515&#8243; visibility=&#8221;hidden-sm&#8221; sidebar=&#8221;sidebar-1&#8243;][vc_column][vc_row_inner][vc_column_inner width=&#8221;1\/2&#8243;][mk_padding_divider size=&#8221;120&#8243;][mk_fancy_title tag_name=&#8221;h1&#8243; color=&#8221;#ffffff&#8221; size=&#8221;32&#8243; font_weight=&#8221;bold&#8221; font_family=&#8221;none&#8221;]Cidadania Portuguesa direto em Portugal!\u00a0A Garantia de Suporte Profissional Especializado![\/mk_fancy_title][vc_column_text el_class=&#8221;white&#8221; css=&#8221;.vc_custom_1562276840472{margin-bottom: 0px !important;}&#8221;][\/vc_column_text][mk_button size=&#8221;large&#8221; icon=&#8221;mk-jupiter-icon-simple-whatsapp&#8221; url=&#8221;https:\/\/api.whatsapp.com\/send?phone=351912138500&#038;text=Ol%C3%A1,%20quero%20minha%20cidadania%20portuguesa%20com%20a%20DNA&#8230;&#8221; target=&#8221;_blank&#8221; nofollow=&#8221;true&#8221; bg_color=&#8221;#ff6527&#8243;]QUERO MINHA CIDADANIA[\/mk_button][\/vc_column_inner][vc_column_inner width=&#8221;1\/2&#8243;][\/vc_column_inner][\/vc_row_inner][\/vc_column][\/mk_page_section][mk_page_section bg_image=&#8221;https:\/\/dnacidadania.com.br\/antigo\/wp-content\/uploads\/2018\/10\/bg-topos-servicos-mobile.jpg&#8221; bg_position=&#8221;center center&#8221; bg_repeat=&#8221;no-repeat&#8221; bg_stretch=&#8221;true&#8221; enable_3d=&#8221;true&#8221; video_color_mask=&#8221;#000000&#8243; video_opacity=&#8221;0.4&#8243; min_height=&#8221;200&#8243; visibility=&#8221;visible-sm&#8221; sidebar=&#8221;sidebar-1&#8243;][vc_column][vc_row_inner][vc_column_inner][mk_padding_divider size=&#8221;60&#8243;][mk_fancy_title tag_name=&#8221;h1&#8243; color=&#8221;#ffffff&#8221; size=&#8221;22&#8243; font_weight=&#8221;bold&#8221; font_family=&#8221;none&#8221; align=&#8221;right&#8221;]Cidadania Portuguesa de forma r\u00e1pida, c\u00f4moda e segura![\/mk_fancy_title][\/vc_column_inner][\/vc_row_inner][\/vc_column][\/mk_page_section][vc_row][vc_column][vc_row_inner][vc_column_inner width=&#8221;1\/2&#8243;][mk_padding_divider size=&#8221;30&#8243;][mk_fancy_title tag_name=&#8221;h1&#8243; size=&#8221;26&#8243; font_weight=&#8221;bold&#8221; font_style=&#8221;italic&#8221; font_family=&#8221;none&#8221;]Nossos servi\u00e7os v\u00e3o desde a localiza\u00e7\u00e3o do Assento de Nascimento do Portugu\u00eas, da busca de todas as Certid\u00f5es Brasileiras at\u00e9 a Conquista da Dupla Nacionalidade!<\/p>\n<p>[\/mk_fancy_title][\/vc_column_inner][vc_column_inner width=&#8221;1\/2&#8243;][mk_padding_divider size=&#8221;25&#8243;][vc_column_text css=&#8221;.vc_custom_1588610054161{margin-bottom: 0px !important;}&#8221;]<\/p>\n<p style=\"text-align: justify;\">A <strong>DNA Cidadania<\/strong> ajuda brasileiros, descendentes e c\u00f4njuges, a realizarem o sonho de conquistar o passaporte europeu!<\/p>\n<p style=\"text-align: justify;\"><strong>Diferenciais<\/strong>: A instru\u00e7\u00e3o de um procedimento \u00e9 muito importante, e nosso padr\u00e3o \u00e9 acima do exigido, certamente um diferencial. Temos mais qualidade e clareza no planejamento do processo da fam\u00edlia.<\/p>\n<p>[\/vc_column_text][\/vc_column_inner][\/vc_row_inner][\/vc_column][\/vc_row][mk_page_section bg_color=&#8221;#fafafa&#8221; padding_top=&#8221;60&#8243; padding_bottom=&#8221;40&#8243; sidebar=&#8221;sidebar-1&#8243;][vc_column][vc_row_inner][vc_column_inner][vc_column_text css=&#8221;.vc_custom_1588609520257{margin-bottom: 0px !important;}&#8221;]<\/p>\n<p style=\"text-align: center;\"><strong>PRINCIPAIS SERVI\u00c7OS EXECUTADOS PELA DNA CIDADANIA<\/strong><\/p>\n<p>[\/vc_column_text][vc_zigzag color=&#8221;custom&#8221; custom_color=&#8221;#fafafa&#8221;][vc_zigzag color=&#8221;custom&#8221; custom_color=&#8221;#fafafa&#8221;][\/vc_column_inner][\/vc_row_inner][vc_row_inner][vc_column_inner width=&#8221;1\/4&#8243;][mk_icon_box2 icon_type=&#8221;image&#8221; icon_size=&#8221;128&#8243; icon_image=&#8221;https:\/\/dnacidadania.com.br\/antigo\/wp-content\/uploads\/2018\/12\/atribuicao-filhos.png&#8221;]Atribui\u00e7\u00e3o da Nacionalidade Portuguesa para <strong>filhos de portugueses<\/strong><\/p>\n<p>[\/mk_icon_box2][vc_zigzag color=&#8221;custom&#8221; custom_color=&#8221;#fafafa&#8221;][\/vc_column_inner][vc_column_inner width=&#8221;1\/4&#8243;][mk_icon_box2 icon_type=&#8221;image&#8221; icon_size=&#8221;128&#8243; icon_image=&#8221;https:\/\/dnacidadania.com.br\/antigo\/wp-content\/uploads\/2018\/12\/atribuicao-netos2.png&#8221;]Atribui\u00e7\u00e3o da Nacionalidade Portuguesa para <strong>netos de portugueses<\/strong><\/p>\n<p>[\/mk_icon_box2][vc_zigzag color=&#8221;custom&#8221; custom_color=&#8221;#fafafa&#8221;][\/vc_column_inner][vc_column_inner width=&#8221;1\/4&#8243;][mk_icon_box2 icon_type=&#8221;image&#8221; icon_size=&#8221;128&#8243; icon_image=&#8221;https:\/\/dnacidadania.com.br\/antigo\/wp-content\/uploads\/2018\/12\/naturalizacao-casamento.png&#8221;]Nacionalidade Portuguesa por Naturaliza\u00e7\u00e3o pelo <strong>casamento<\/strong> ou <strong>uni\u00e3o est\u00e1vel<\/strong><\/p>\n<p>[\/mk_icon_box2][vc_zigzag color=&#8221;custom&#8221; custom_color=&#8221;#fafafa&#8221;][\/vc_column_inner][vc_column_inner width=&#8221;1\/4&#8243;][mk_icon_box2 icon_type=&#8221;image&#8221; icon_size=&#8221;128&#8243; icon_image=&#8221;https:\/\/dnacidadania.com.br\/antigo\/wp-content\/uploads\/2018\/12\/naturalizacao-residencia3.png&#8221;]Nacionalidade Portuguesa por Naturaliza\u00e7\u00e3o por <strong>tempo de resid\u00eancia<\/strong> legal em Portugal<\/p>\n<p>[\/mk_icon_box2][vc_zigzag color=&#8221;custom&#8221; custom_color=&#8221;#fafafa&#8221;][\/vc_column_inner][\/vc_row_inner][vc_row_inner][vc_column_inner width=&#8221;1\/2&#8243;][mk_icon_box2 icon_type=&#8221;image&#8221; icon_size=&#8221;128&#8243; icon_image=&#8221;https:\/\/dnacidadania.com.br\/antigo\/wp-content\/uploads\/2018\/12\/transcricao-casamento2.png&#8221;]<\/p>\n<p style=\"text-align: justify;\"><strong>Transcri\u00e7\u00f5es de Casamentos &#8211; <\/strong>Procedimento obrigat\u00f3rio (com exce\u00e7\u00f5es) que atualiza o estado civil, garante o direito do c\u00f4njuge, e muitas vezes tamb\u00e9m garante o direito do filho do portugu\u00eas.<\/p>\n<p>[\/mk_icon_box2][vc_zigzag color=&#8221;custom&#8221; custom_color=&#8221;#fafafa&#8221;][vc_zigzag color=&#8221;custom&#8221; custom_color=&#8221;#fafafa&#8221;][\/vc_column_inner][vc_column_inner width=&#8221;1\/2&#8243;][mk_icon_box2 icon_type=&#8221;image&#8221; icon_size=&#8221;128&#8243; icon_image=&#8221;https:\/\/dnacidadania.com.br\/antigo\/wp-content\/uploads\/2018\/12\/transcricao-obito.png&#8221;]<\/p>\n<p style=\"text-align: justify;\"><strong>Transcri\u00e7\u00f5es de \u00d3bitos &#8211;<\/strong> Procedimento n\u00e3o obrigat\u00f3rio que atualizada o estado civil do portugu\u00eas, auxilia no confronto das informa\u00e7\u00f5es e \u00e9 isento de custas.<\/p>\n<p>[\/mk_icon_box2][vc_zigzag color=&#8221;custom&#8221; custom_color=&#8221;#fafafa&#8221;][vc_zigzag color=&#8221;custom&#8221; custom_color=&#8221;#fafafa&#8221;][\/vc_column_inner][\/vc_row_inner][vc_row_inner][vc_column_inner width=&#8221;1\/4&#8243;][mk_icon_box2 icon_type=&#8221;image&#8221; icon_size=&#8221;128&#8243; icon_image=&#8221;https:\/\/dnacidadania.com.br\/antigo\/wp-content\/uploads\/2018\/12\/homologacao-divorcio2.png&#8221;]Homologa\u00e7\u00f5es de senten\u00e7a estrangeira de <strong>Div\u00f3rcio<\/strong> perante o Tribunal da Rela\u00e7\u00e3o de Portugal.[\/mk_icon_box2][vc_zigzag color=&#8221;custom&#8221; custom_color=&#8221;#fafafa&#8221;][\/vc_column_inner][vc_column_inner width=&#8221;1\/4&#8243;][mk_icon_box2 icon_type=&#8221;image&#8221; icon_size=&#8221;128&#8243; icon_image=&#8221;https:\/\/dnacidadania.com.br\/antigo\/wp-content\/uploads\/2018\/12\/homologacao-paternidade2.png&#8221;]<\/p>\n<p style=\"text-align: justify;\">Homologa\u00e7\u00f5es de senten\u00e7a estrangeira de <strong>Reconhecimento de Paternidade<\/strong> perante o Tribunal da Rela\u00e7\u00e3o de Portugal.<\/p>\n<p>[\/mk_icon_box2][vc_zigzag color=&#8221;custom&#8221; custom_color=&#8221;#fafafa&#8221;][\/vc_column_inner][vc_column_inner width=&#8221;1\/4&#8243;][mk_icon_box2 icon_type=&#8221;image&#8221; icon_size=&#8221;128&#8243; icon_image=&#8221;https:\/\/dnacidadania.com.br\/antigo\/wp-content\/uploads\/2018\/12\/homologacao-uniao-estavel2.png&#8221;]<\/p>\n<p style=\"text-align: justify;\">Homologa\u00e7\u00f5es de senten\u00e7a estrangeira de Reconhecimento de <strong>Uni\u00e3o Est\u00e1vel<\/strong>\u00a0(de Facto) perante o Tribunal da Rela\u00e7\u00e3o de Portugal.<\/p>\n<p>[\/mk_icon_box2][vc_zigzag color=&#8221;custom&#8221; custom_color=&#8221;#fafafa&#8221;][\/vc_column_inner][vc_column_inner width=&#8221;1\/4&#8243;][mk_icon_box2 icon_type=&#8221;image&#8221; icon_size=&#8221;128&#8243; icon_image=&#8221;https:\/\/dnacidadania.com.br\/antigo\/wp-content\/uploads\/2018\/12\/homologacao-adocao.png&#8221;]<\/p>\n<p style=\"text-align: justify;\">Homologa\u00e7\u00f5es de senten\u00e7a estrangeira de <strong>Ado\u00e7\u00e3o<\/strong> perante o Tribunal da Rela\u00e7\u00e3o de Portugal.<\/p>\n<p>[\/mk_icon_box2][vc_zigzag color=&#8221;custom&#8221; custom_color=&#8221;#fafafa&#8221;][\/vc_column_inner][\/vc_row_inner][vc_row_inner][vc_column_inner][mk_padding_divider][\/vc_column_inner][\/vc_row_inner][vc_row_inner][vc_column_inner width=&#8221;1\/12&#8243;][\/vc_column_inner][vc_column_inner width=&#8221;10\/12&#8243;][mk_fancy_title tag_name=&#8221;h3&#8243; size=&#8221;22&#8243; font_weight=&#8221;bold&#8221; font_style=&#8221;italic&#8221; letter_spacing=&#8221;1&#8243; font_family=&#8221;none&#8221; align=&#8221;center&#8221;]A atua\u00e7\u00e3o de nosso <strong>advogado<\/strong> \u00e9 personalizada em todas as fases do processo, sempre informando e orientando a fam\u00edlia dos procedimentos!<\/p>\n<p>&nbsp;<\/p>\n<p>[\/mk_fancy_title][\/vc_column_inner][vc_column_inner width=&#8221;1\/12&#8243;][\/vc_column_inner][\/vc_row_inner][\/vc_column][\/mk_page_section][vc_row][vc_column][mk_padding_divider size=&#8221;60&#8243;][vc_row_inner][vc_column_inner width=&#8221;9\/12&#8243;][vc_column_text css=&#8221;.vc_custom_1588607270542{margin-bottom: 0px !important;}&#8221;]<\/p>\n<p style=\"text-align: justify;\">A <strong>N<\/strong><b>acionalidade Portuguesa<\/b>\u00a0\u00e9 regulamentada pelo\u00a0<b>Decreto-lei n.\u00ba 237-A, de 14 de dezembro de 2006<\/b>, e regida pela Lei Org\u00e2nica n.\u00ba 2, de 17 de abril de 2006, que modificaram a Lei da Nacionalidade (Lei n.\u00ba 37, de 3 de outubro de 1981), enunciada no artigo\u00a04\u00ba da\u00a0<a title=\"Constitui\u00e7\u00e3o portuguesa de 1976\" href=\"https:\/\/pt.wikipedia.org\/wiki\/Constitui%C3%A7%C3%A3o_portuguesa_de_1976\">Constitui\u00e7\u00e3o da Rep\u00fablica Portuguesa<\/a>. Atualmente, o princ\u00edpio b\u00e1sico da nacionalidade portuguesa \u00e9 o\u00a0<i><b>jus sanguinis<\/b><\/i>, ou seja, \u00e9 cidad\u00e3o\u00a0portugu\u00eas\u00a0o indiv\u00edduo filho de pai portugu\u00eas ou m\u00e3e portuguesa.<\/p>\n<p style=\"text-align: justify;\">A<strong> Cidadania Portuguesa<\/strong> que antes era concedida somente de pai para filhos por <strong>atribui\u00e7\u00e3o origin\u00e1ria<\/strong>, agora com a nova lei, o direito do neto passa a ser igual a dos filhos (<strong>direito de sangue<\/strong>) e poder\u00e1 transmitir aos demais descendentes, bisnetos e trinetos de nacionais portugueses.<\/p>\n<p style=\"text-align: justify;\">A <strong>Nacionalidade Portuguesa<\/strong>\u00a0por naturaliza\u00e7\u00e3o tamb\u00e9m pode ser concedida tanto para <a href=\"https:\/\/www.youtube.com\/watch?v=QgkJ_PFKN9Q\"><strong>c\u00f4njuges<\/strong><\/a> casados quanto para <a href=\"https:\/\/www.youtube.com\/watch?v=G7CNFicHn3Y&amp;t=3s\"><strong>companheiros<\/strong><\/a> (uni\u00e3o est\u00e1vel). Para uni\u00e3o est\u00e1vel \u00e9 necess\u00e1rio que seja feita a <strong>revis\u00e3o e confirma\u00e7\u00e3o da senten\u00e7a estrangeira<\/strong> no Tribunal da Rela\u00e7\u00e3o em Portugal.<\/p>\n<p style=\"text-align: justify;\">Atuamos em todas as fases do processo, desde a localiza\u00e7\u00e3o do assento do portugu\u00eas (tanto nas Conservat\u00f3rias quanto nos Arquivos Distritais), busca das certid\u00f5es brasileiras de toda fam\u00edlia, emiss\u00e3o de todos documentos necess\u00e1rios, preenchimentos de formul\u00e1rios, legaliza\u00e7\u00f5es (<a href=\"https:\/\/www.youtube.com\/watch?v=-OQuA6DGpcY&amp;t=2s\">apostilamento \u2013 Conven\u00e7\u00e3o de Haia<\/a>), entrada com os pedidos em Portugal atrav\u00e9s de nosso\u00a0<strong>advogado portugu\u00eas<\/strong>, at\u00e9 a conclus\u00e3o do processo, propiciando maior comodidade, tranquilidade e conveni\u00eancia a nossos clientes.<\/p>\n<p style=\"text-align: justify;\">Al\u00e9m dos processos de nacionalidade, prestamos assessoria jur\u00eddica nas <strong>A\u00e7\u00f5es de Revis\u00e3o e Confirma\u00e7\u00e3o de Senten\u00e7a Estrangeira<\/strong> perante o Tribunal da Rela\u00e7\u00e3o, para validar em Portugal, <a href=\"https:\/\/www.youtube.com\/watch?v=FnKSeIPBvc4\">div\u00f3rcios<\/a>, ado\u00e7\u00f5es e reconhecimento de paternidade.<\/p>\n<p>&nbsp;<\/p>\n<p>[\/vc_column_text][\/vc_column_inner][vc_column_inner width=&#8221;3\/12&#8243;][mk_custom_box border_color_style=&#8221;single_color&#8221; border_color=&#8221;#f5f5f5&#8243; bg_stretch=&#8221;false&#8221;][vc_column_text align=&#8221;center&#8221; css=&#8221;.vc_custom_1540993331838{margin-bottom: 0px !important;}&#8221;]<strong>QUEM TEM DIREITO?<\/strong>[\/vc_column_text][vc_column_text align=&#8221;center&#8221; el_class=&#8221;sidemenu&#8221; css=&#8221;.vc_custom_1557579221375{margin-bottom: 0px !important;}&#8221;]<a href=\"https:\/\/dnacidadania.com.br\/antigo\/dna-cidadania-portuguesa\">Cidadania para Filhos<\/a><\/p>\n<p>[\/vc_column_text][mk_divider style=&#8221;thin_solid&#8221; thin_single_color=&#8221;#e8e8e8&#8243; margin_top=&#8221;10&#8243; margin_bottom=&#8221;10&#8243;][vc_column_text align=&#8221;center&#8221; el_class=&#8221;sidemenu&#8221; css=&#8221;.vc_custom_1557579234316{margin-bottom: 0px !important;}&#8221;]<a href=\"https:\/\/dnacidadania.com.br\/antigo\/dna-cidadania-portuguesa\">Cidadania para Netos<\/a><\/p>\n<p>[\/vc_column_text][mk_divider style=&#8221;thin_solid&#8221; thin_single_color=&#8221;#e8e8e8&#8243; margin_top=&#8221;10&#8243; margin_bottom=&#8221;10&#8243;][vc_column_text align=&#8221;center&#8221; el_class=&#8221;sidemenu&#8221; css=&#8221;.vc_custom_1557579246115{margin-bottom: 0px !important;}&#8221;]<a href=\"https:\/\/dnacidadania.com.br\/antigo\/dna-cidadania-portuguesa\">Cidadania para Bisnetos<\/a><\/p>\n<p>[\/vc_column_text][mk_divider style=&#8221;thin_solid&#8221; thin_single_color=&#8221;#e8e8e8&#8243; margin_top=&#8221;10&#8243; margin_bottom=&#8221;10&#8243;][vc_column_text align=&#8221;center&#8221; el_class=&#8221;sidemenu&#8221; css=&#8221;.vc_custom_1578307502938{margin-bottom: 0px !important;}&#8221;]<a href=\"https:\/\/www.youtube.com\/watch?v=OhJBqP-QY6E\" target=\"_blank\" rel=\"noopener\">Cidadania para C\u00f4njuges<\/a><\/p>\n<p>[\/vc_column_text][\/mk_custom_box][\/vc_column_inner][\/vc_row_inner][mk_padding_divider size=&#8221;60&#8243;][\/vc_column][\/vc_row][mk_page_section bg_image=&#8221;https:\/\/dnacidadania.com.br\/antigo\/wp-content\/uploads\/2018\/10\/morar-europa.jpg&#8221; bg_position=&#8221;center center&#8221; bg_repeat=&#8221;no-repeat&#8221; bg_stretch=&#8221;true&#8221; enable_3d=&#8221;true&#8221; video_color_mask=&#8221;#000000&#8243; video_opacity=&#8221;0.4&#8243; min_height=&#8221;300&#8243; padding_top=&#8221;90&#8243; padding_bottom=&#8221;80&#8243; top_shape_style=&#8221;folded-top&#8221; bottom_shape_style=&#8221;folded-bottom&#8221; bottom_shape_size=&#8221;small&#8221; sidebar=&#8221;sidebar-1&#8243;][vc_column][vc_row_inner][vc_column_inner][mk_fancy_title tag_name=&#8221;h3&#8243; color=&#8221;#ffffff&#8221; size=&#8221;38&#8243; font_weight=&#8221;bold&#8221; font_family=&#8221;none&#8221; align=&#8221;center&#8221; animation=&#8221;bottom-to-top&#8221;]Conhe\u00e7a as <strong>vantagens<\/strong> de ser um cidad\u00e3o portugu\u00eas!<\/p>\n<p>[\/mk_fancy_title][\/vc_column_inner][\/vc_row_inner][vc_row_inner][vc_column_inner width=&#8221;1\/2&#8243;][mk_custom_list icon_color=&#8221;#25d366&#8243; animation=&#8221;bottom-to-top&#8221; el_class=&#8221;dna-list&#8221;]<\/p>\n<ul>\n<li>Poder morar e trabalhar em Portugal ou em qualquer pa\u00eds da uni\u00e3o europeia;<\/li>\n<li>Ter acesso as melhores escolas, faculdades e universidades do mundo;<\/li>\n<li>Oportunidades de trabalho, certamente esse ser\u00e1 um diferencial em seu curr\u00edculo;<\/li>\n<li>Poder participar da pol\u00edtica e de concursos p\u00fablicos em Portugal e na europa;<\/li>\n<li>Ter direito a seguran\u00e7a social e acesso a um dos melhores sistemas de sa\u00fade do mundo;<\/li>\n<\/ul>\n<p>[\/mk_custom_list][\/vc_column_inner][vc_column_inner width=&#8221;1\/2&#8243;][mk_custom_list icon_color=&#8221;#25d366&#8243; animation=&#8221;bottom-to-top&#8221; el_class=&#8221;dna-list&#8221;]<\/p>\n<ul>\n<li>Ter acesso a cr\u00e9dito imobili\u00e1rio, com juros baix\u00edssimos;<\/li>\n<li>Ter atendimento preferencial nos aeroportos e n\u00e3o pegar fila de imigra\u00e7\u00e3o;<\/li>\n<li>N\u00e3o precisar de vistos para viajar para os Estados Unidos, Canad\u00e1, Jap\u00e3o e Europa, j\u00e1 que a partir de 2021, os brasileiros precisar\u00e3o de vistos para as viagens a europa;<\/li>\n<li>Os documentos para o processo de nacionalidade portuguesa n\u00e3o precisam de tradu\u00e7\u00e3o;<\/li>\n<li>Portugal tem um dos melhores climas da Europa e fala a nossa l\u00edngua.<\/li>\n<\/ul>\n<p>[\/mk_custom_list][\/vc_column_inner][\/vc_row_inner][\/vc_column][\/mk_page_section][vc_row][vc_column][mk_padding_divider size=&#8221;60&#8243;][vc_row_inner][vc_column_inner width=&#8221;1\/2&#8243;][mk_fancy_title tag_name=&#8221;h3&#8243; color=&#8221;#781932&#8243; size=&#8221;60&#8243; line_height=&#8221;70&#8243; font_weight=&#8221;600&#8243; letter_spacing=&#8221;1&#8243; margin_bottom=&#8221;0&#8243; font_family=&#8221;none&#8221; animation=&#8221;bottom-to-top&#8221;]A Europa,[\/mk_fancy_title][mk_fancy_title tag_name=&#8221;h4&#8243; color=&#8221;#3e4b5b&#8221; size=&#8221;42&#8243; line_height=&#8221;90&#8243; font_weight=&#8221;600&#8243; letter_spacing=&#8221;1&#8243; margin_bottom=&#8221;0&#8243; font_family=&#8221;none&#8221; animation=&#8221;bottom-to-top&#8221;]mais perto de voc\u00ea!<\/p>\n<p>[\/mk_fancy_title][\/vc_column_inner][vc_column_inner width=&#8221;1\/2&#8243;][vc_column_text animation=&#8221;bottom-to-top&#8221; css=&#8221;.vc_custom_1581336933526{margin-bottom: 0px !important;}&#8221;]<span style=\"color: #801738;\"><a style=\"color: #801738;\" href=\"https:\/\/dnacidadania.com.br\/antigo\/quero-minha-cidadania-portuguesa\/\">Fale com nosso atendimento<\/a>\u00a0<\/span>e saiba como realizar o seu processo de cidadania de forma r\u00e1pida e segura. Junte-se as mais de 800 fam\u00edlias atendidas que j\u00e1 possuem a sua <strong>Cidadania Europeia<\/strong>!<\/p>\n<p>&nbsp;<\/p>\n<p>[\/vc_column_text][mk_button dimension=&#8221;flat&#8221; corner_style=&#8221;rounded&#8221; size=&#8221;medium&#8221; letter_spacing=&#8221;2&#8243; icon=&#8221;mk-jupiter-icon-simple-whatsapp&#8221; icon_anim=&#8221;side&#8221; url=&#8221;https:\/\/api.whatsapp.com\/send?phone=351912138500&#038;text=Ol%C3%A1,%20quero%20minha%20cidadania%20portuguesa%20com%20a%20DNA&#8230;&#8221; align=&#8221;center&#8221; animation=&#8221;bottom-to-top&#8221; bg_color=&#8221;#ff6527&#8243; btn_hover_bg=&#8221;#000000&#8243;]Quero Minha Cidadania[\/mk_button][\/vc_column_inner][\/vc_row_inner][\/vc_column][\/vc_row][mk_page_section bg_image=&#8221;https:\/\/dnacidadania.com.br\/antigo\/wp-content\/uploads\/2018\/10\/bg-footer.gif&#8221; bg_position=&#8221;right bottom&#8221; min_height=&#8221;264&#8243; padding_top=&#8221;100&#8243; padding_bottom=&#8221;0&#8243; sidebar=&#8221;sidebar-1&#8243;][vc_column][\/vc_column][\/mk_page_section][vc_row][vc_column][vc_column_text]<\/p>\n<p>&nbsp;<\/p>\n<p>&nbsp;<\/p>\n<p>&nbsp;[\/vc_column_text][\/vc_column][\/vc_row]<\/p>\n","protected":false},"excerpt":{"rendered":"<p>[mk_page_section bg_image=&#8221;https:\/\/dnacidadania.com.br\/antigo\/wp-content\/uploads\/2018\/10\/bg-topos-servicos1.jpg&#8221; bg_repeat=&#8221;no-repeat&#8221; video_opacity=&#8221;0.0&#8243; min_height=&#8221;515&#8243; visibility=&#8221;hidden-sm&#8221; sidebar=&#8221;sidebar-1&#8243;][vc_column][vc_row_inner][vc_column_inner width=&#8221;1\/2&#8243;][mk_padding_divider size=&#8221;120&#8243;][mk_fancy_title tag_name=&#8221;h1&#8243; color=&#8221;#ffffff&#8221; size=&#8221;32&#8243; font_weight=&#8221;bold&#8221; font_family=&#8221;none&#8221;]Cidadania Portuguesa direto em Portugal!\u00a0A Garantia de Suporte Profissional Especializado![\/mk_fancy_title][vc_column_text el_class=&#8221;white&#8221; css=&#8221;.vc_custom_1562276840472{margin-bottom: 0px !important;}&#8221;][\/vc_column_text][mk_button size=&#8221;large&#8221; icon=&#8221;mk-jupiter-icon-simple-whatsapp&#8221; url=&#8221;https:\/\/api.whatsapp.com\/send?phone=351912138500&#038;text=Ol%C3%A1,%20quero%20minha%20cidadania%20portuguesa%20com%20a%20DNA&#8230;&#8221; target=&#8221;_blank&#8221; nofollow=&#8221;true&#8221; bg_color=&#8221;#ff6527&#8243;]QUERO MINHA CIDADANIA[\/mk_button][\/vc_column_inner][vc_column_inner width=&#8221;1\/2&#8243;][\/vc_column_inner][\/vc_row_inner][\/vc_column][\/mk_page_section][mk_page_section bg_image=&#8221;https:\/\/dnacidadania.com.br\/antigo\/wp-content\/uploads\/2018\/10\/bg-topos-servicos-mobile.jpg&#8221; bg_position=&#8221;center center&#8221; bg_repeat=&#8221;no-repeat&#8221; bg_stretch=&#8221;true&#8221; enable_3d=&#8221;true&#8221; video_color_mask=&#8221;#000000&#8243; video_opacity=&#8221;0.4&#8243; min_height=&#8221;200&#8243; visibility=&#8221;visible-sm&#8221; sidebar=&#8221;sidebar-1&#8243;][vc_column][vc_row_inner][vc_column_inner][mk_padding_divider size=&#8221;60&#8243;][mk_fancy_title tag_name=&#8221;h1&#8243; color=&#8221;#ffffff&#8221; size=&#8221;22&#8243; font_weight=&#8221;bold&#8221; font_family=&#8221;none&#8221; align=&#8221;right&#8221;]Cidadania Portuguesa [&hellip;]<\/p>\n","protected":false},"author":2,"featured_media":789,"parent":0,"menu_order":0,"comment_status":"closed","ping_status":"closed","template":"","meta":{"footnotes":""},"class_list":["post-26","page","type-page","status-publish","has-post-thumbnail","hentry"],"_links":{"self":[{"href":"https:\/\/www.dnacidadania.com.br\/antigo\/wp-json\/wp\/v2\/pages\/26","targetHints":{"allow":["GET"]}}],"collection":[{"href":"https:\/\/www.dnacidadania.com.br\/antigo\/wp-json\/wp\/v2\/pages"}],"about":[{"href":"https:\/\/www.dnacidadania.com.br\/antigo\/wp-json\/wp\/v2\/types\/page"}],"author":[{"embeddable":true,"href":"https:\/\/www.dnacidadania.com.br\/antigo\/wp-json\/wp\/v2\/users\/2"}],"replies":[{"embeddable":true,"href":"https:\/\/www.dnacidadania.com.br\/antigo\/wp-json\/wp\/v2\/comments?post=26"}],"version-history":[{"count":139,"href":"https:\/\/www.dnacidadania.com.br\/antigo\/wp-json\/wp\/v2\/pages\/26\/revisions"}],"predecessor-version":[{"id":4218,"href":"https:\/\/www.dnacidadania.com.br\/antigo\/wp-json\/wp\/v2\/pages\/26\/revisions\/4218"}],"wp:featuredmedia":[{"embeddable":true,"href":"https:\/\/www.dnacidadania.com.br\/antigo\/wp-json\/wp\/v2\/media\/789"}],"wp:attachment":[{"href":"https:\/\/www.dnacidadania.com.br\/antigo\/wp-json\/wp\/v2\/media?parent=26"}],"curies":[{"name":"wp","href":"https:\/\/api.w.org\/{rel}","templated":true}]}}