{"id":12,"date":"2018-07-10T09:37:33","date_gmt":"2018-07-10T12:37:33","guid":{"rendered":"http:\/\/localhost\/~bruno\/www\/dna-cidadania\/wordpress\/?page_id=12"},"modified":"2023-06-18T23:39:28","modified_gmt":"2023-06-18T22:39:28","slug":"dna-cidadania-portuguesa","status":"publish","type":"page","link":"https:\/\/www.dnacidadania.com.br\/antigo\/dna-cidadania-portuguesa\/","title":{"rendered":"Sobre"},"content":{"rendered":"<p>[mk_page_section bg_image=&#8221;https:\/\/dnacidadania.com.br\/antigo\/wp-content\/uploads\/2018\/10\/bg-topos-sobre-dna11.jpg&#8221; bg_repeat=&#8221;no-repeat&#8221; video_opacity=&#8221;0.0&#8243; min_height=&#8221;515&#8243; visibility=&#8221;hidden-sm&#8221; sidebar=&#8221;sidebar-1&#8243;][vc_column][vc_row_inner][vc_column_inner width=&#8221;7\/12&#8243;][\/vc_column_inner][vc_column_inner width=&#8221;5\/12&#8243;][mk_padding_divider size=&#8221;120&#8243;][mk_fancy_title tag_name=&#8221;h1&#8243; color=&#8221;#ffffff&#8221; size=&#8221;32&#8243; font_weight=&#8221;bold&#8221; font_family=&#8221;none&#8221; align=&#8221;right&#8221;]<\/p>\n<p style=\"text-align: left;\"><span style=\"vertical-align: inherit;\"><span style=\"vertical-align: inherit;\">Refer\u00eancia em Processos de Cidadania Portuguesa para Filhos, Netos, Bisnetos e C\u00f4njuges de Portugueses!<\/span><\/span><\/p>\n<p>[\/mk_fancy_title][\/vc_column_inner][\/vc_row_inner][\/vc_column][\/mk_page_section][mk_page_section bg_image=&#8221;https:\/\/dnacidadania.com.br\/antigo\/wp-content\/uploads\/2018\/10\/bg-topos-sobre-dna-mobile.jpg&#8221; bg_position=&#8221;center center&#8221; bg_repeat=&#8221;no-repeat&#8221; bg_stretch=&#8221;true&#8221; enable_3d=&#8221;true&#8221; video_color_mask=&#8221;#000000&#8243; video_opacity=&#8221;0.4&#8243; min_height=&#8221;200&#8243; visibility=&#8221;visible-sm&#8221; sidebar=&#8221;sidebar-1&#8243;][vc_column][vc_row_inner][vc_column_inner][mk_padding_divider size=&#8221;60&#8243;][mk_fancy_title tag_name=&#8221;h1&#8243; color=&#8221;#ffffff&#8221; size=&#8221;22&#8243; font_weight=&#8221;bold&#8221; font_family=&#8221;none&#8221; align=&#8221;right&#8221;]Refer\u00eancia em Processos de Nacionalidade Portuguesa!<\/p>\n<p>[\/mk_fancy_title][\/vc_column_inner][\/vc_row_inner][\/vc_column][\/mk_page_section][vc_row][vc_column][vc_row_inner][vc_column_inner width=&#8221;1\/2&#8243;][mk_padding_divider size=&#8221;30&#8243;][mk_fancy_title tag_name=&#8221;h1&#8243; size=&#8221;32&#8243; font_weight=&#8221;bold&#8221; font_style=&#8221;italic&#8221; font_family=&#8221;none&#8221;]Somos uma assessoria que se importa com a hist\u00f3ria de sua fam\u00edlia, resgatando o passado, e olhando para o futuro das novas gera\u00e7\u00f5es.<\/p>\n<p>[\/mk_fancy_title][\/vc_column_inner][vc_column_inner width=&#8221;1\/2&#8243;][mk_padding_divider size=&#8221;25&#8243;][vc_column_text css=&#8221;.vc_custom_1575457804136{margin-bottom: 0px !important;}&#8221;]Com o desejo de ajudar brasileiros a realizarem o sonho de conquistar o passaporte europeu,\u00a0nasceu a DNA Cidadania Portuguesa!<\/p>\n<p style=\"text-align: left;\"><a href=\"https:\/\/dnacidadania.com.br\/antigo\/quero-minha-cidadania-portuguesa\/\"><span style=\"color: #0000ff;\"><span style=\"color: #801738;\"><strong>Nossa assessoria,<\/strong><\/span><\/span><\/a><span style=\"color: #0000ff;\"><span style=\"color: #801738;\"> sob a responsabilidade do advogado <strong>Dr. Rodrigo Lopes<\/strong>,\u00a0<\/span><\/span>\u00e9\u00a0completa,\u00a0personalizada, e\u00a0direto em Portugal. Atuamos de forma r\u00e1pida, c\u00f4moda e segura!\u00a0Fazemos\u00a0valer a alian\u00e7a hist\u00f3rica entre Brasil e Portugal, e principalmente\u00a0o direito de sangue dos imigrantes.<\/p>\n<p>&nbsp;<\/p>\n<p>&nbsp;<\/p>\n<p>[\/vc_column_text][\/vc_column_inner][\/vc_row_inner][\/vc_column][\/vc_row][vc_row][vc_column][vc_row_inner][vc_column_inner][mk_padding_divider][\/vc_column_inner][\/vc_row_inner][vc_row_inner][vc_column_inner width=&#8221;1\/3&#8243;][mk_icon_box2 icon_type=&#8221;image&#8221; icon_size=&#8221;inherit&#8221; icon_image=&#8221;https:\/\/dnacidadania.com.br\/antigo\/wp-content\/uploads\/2018\/10\/ic-certidoes-gray.png&#8221; title=&#8221;CERTID\u00d5ES&#8221; title_size=&#8221;18&#8243; animation=&#8221;bottom-to-top&#8221;]<\/p>\n<p style=\"text-align: justify;\">O documento mais importante \u00e9 o <strong>Registro de Nascimento<\/strong>\/Batismo (assento) do Antepassado Portugu\u00eas, que garante o direito \u00e0 nacionalidade aos descendentes. Pesquisamos,\u00a0buscamos e pedimos a emiss\u00e3o de todos os documentos necess\u00e1rios, tanto no Brasil quanto em Portugal, perante os Arquivos Distritais Hist\u00f3ricos, Conservat\u00f3rias portuguesas e cart\u00f3rios brasileiros.<\/p>\n<p>[\/mk_icon_box2][\/vc_column_inner][vc_column_inner width=&#8221;1\/3&#8243;][mk_icon_box2 icon_type=&#8221;image&#8221; icon_size=&#8221;inherit&#8221; icon_image=&#8221;https:\/\/dnacidadania.com.br\/antigo\/wp-content\/uploads\/2018\/10\/ic-filhos-gray.png&#8221; title=&#8221;FILHOS&#8221; title_size=&#8221;18&#8243; animation=&#8221;bottom-to-top&#8221;]<\/p>\n<p style=\"text-align: justify;\">Todo\u00a0filho (a) de cidad\u00e3o portugu\u00eas tem\u00a0direito a requerer a Nacionalidade Portuguesa por atribui\u00e7\u00e3o origin\u00e1ria (direito de sangue), sendo realizado em uma \u00fanico ato de registro civil, de forma r\u00e1pida e <strong>garantida<\/strong>.<\/p>\n<p>[\/mk_icon_box2][\/vc_column_inner][vc_column_inner width=&#8221;1\/3&#8243;][mk_icon_box2 icon_type=&#8221;image&#8221; icon_size=&#8221;inherit&#8221; icon_image=&#8221;https:\/\/dnacidadania.com.br\/antigo\/wp-content\/uploads\/2018\/10\/ic-netos-gray.png&#8221; title=&#8221;NETOS&#8221; title_size=&#8221;18&#8243; animation=&#8221;bottom-to-top&#8221;]<\/p>\n<p style=\"text-align: justify;\">Segundo a lei 09\/2015, regulamentada em 20\/04\/2017 atrav\u00e9s do decreto-lei 71\/2017, que passou a vigorar em 03\/07\/2017, os <span style=\"color: #801738;\"><strong><a style=\"color: #801738;\" href=\"https:\/\/dnacidadania.com.br\/antigo\/nacionalidade-portuguesa-para-netos\/\">netos de portugueses<\/a><\/strong><\/span>, com pai\/m\u00e3e falecidos, podem requerer a Cidadania Portuguesa por atribui\u00e7\u00e3o origin\u00e1ria (direito de sangue &#8211; &#8220;<em>jus sanguinis<\/em>&#8220;) e transmitir aos seus descendentes.<\/p>\n<p>[\/mk_icon_box2][\/vc_column_inner][\/vc_row_inner][vc_row_inner][vc_column_inner width=&#8221;1\/2&#8243;][mk_icon_box2 icon_type=&#8221;image&#8221; icon_size=&#8221;inherit&#8221; icon_image=&#8221;https:\/\/dnacidadania.com.br\/antigo\/wp-content\/uploads\/2018\/10\/ic-bisnetos-gray.png&#8221; title=&#8221;BISNETOS E TRINETOS&#8221; title_size=&#8221;18&#8243; animation=&#8221;bottom-to-top&#8221;]<\/p>\n<p style=\"text-align: justify;\"><strong>Os bisnetos<\/strong>, descendentes de portugueses, ser\u00e3o filhos ap\u00f3s a concess\u00e3o da Nacionalidade Portuguesa do neto (seu pai ou m\u00e3e), e assim garantir\u00e3o o direito de requerer a Cidadania Portuguesa por atribui\u00e7\u00e3o origin\u00e1ria (direito de sangue). Basta que seja concedido ao neto!<\/p>\n<p>[\/mk_icon_box2][\/vc_column_inner][vc_column_inner width=&#8221;1\/2&#8243;][mk_icon_box2 icon_type=&#8221;image&#8221; icon_size=&#8221;inherit&#8221; icon_image=&#8221;https:\/\/dnacidadania.com.br\/antigo\/wp-content\/uploads\/2020\/05\/icone-logo-cnjuge-img.jpg&#8221; title=&#8221;C\u00d4NJUGES e COMPANHEIRAS&#8221; title_size=&#8221;18&#8243; animation=&#8221;bottom-to-top&#8221;]<\/p>\n<p style=\"text-align: justify;\">Os <strong>casados<\/strong> ou quem vive em <strong>uni\u00e3o est\u00e1vel<\/strong> com portugu\u00eas h\u00e1 mais de 3 anos tem direito \u00e0 cidadania portuguesa. O pedido deve ser feito na const\u00e2ncia do matrim\u00f4nio ou da uni\u00e3o, e deve-se comprovar v\u00ednculo com Portugal. J\u00e1 os c\u00f4njuges ou companheiros de portugu\u00eas origin\u00e1rio h\u00e1 mais de<strong> 5 anos sem filhos<\/strong> em comum ou h\u00e1 <strong>3 anos com filhos<\/strong> n\u00e3o precisam comprovar v\u00ednculos. Trata-se de processo de Naturaliza\u00e7\u00e3o.<\/p>\n<p>[\/mk_icon_box2][\/vc_column_inner][\/vc_row_inner][vc_btn title=&#8221;Quero Minha Cidadania Portuguesa&#8221; style=&#8221;3d&#8221; size=&#8221;lg&#8221; align=&#8221;center&#8221; css_animation=&#8221;zoomInUp&#8221; button_block=&#8221;true&#8221; link=&#8221;url:https%3A%2F%2Fapi.whatsapp.com%2Fsend%3Fphone%3D351912138500%26text%3DOl%25C3%25A1%2C%2520quero%2520minha%2520cidadania%2520portuguesa%2520com%2520a%2520DNA&#8230;||target:%20_blank|&#8221; css=&#8221;.vc_custom_1687127963587{background-color: #ff0000 !important;}&#8221;][\/vc_column][\/vc_row][mk_page_section bg_image=&#8221;https:\/\/dnacidadania.com.br\/antigo\/wp-content\/uploads\/2018\/10\/bg-footer.gif&#8221; bg_position=&#8221;right bottom&#8221; min_height=&#8221;264&#8243; padding_top=&#8221;100&#8243; padding_bottom=&#8221;0&#8243; sidebar=&#8221;sidebar-1&#8243;][vc_column][\/vc_column][\/mk_page_section]<\/p>\n","protected":false},"excerpt":{"rendered":"<p>[mk_page_section bg_image=&#8221;https:\/\/dnacidadania.com.br\/antigo\/wp-content\/uploads\/2018\/10\/bg-topos-sobre-dna11.jpg&#8221; bg_repeat=&#8221;no-repeat&#8221; video_opacity=&#8221;0.0&#8243; min_height=&#8221;515&#8243; visibility=&#8221;hidden-sm&#8221; sidebar=&#8221;sidebar-1&#8243;][vc_column][vc_row_inner][vc_column_inner width=&#8221;7\/12&#8243;][\/vc_column_inner][vc_column_inner width=&#8221;5\/12&#8243;][mk_padding_divider size=&#8221;120&#8243;][mk_fancy_title tag_name=&#8221;h1&#8243; color=&#8221;#ffffff&#8221; size=&#8221;32&#8243; font_weight=&#8221;bold&#8221; font_family=&#8221;none&#8221; align=&#8221;right&#8221;] Refer\u00eancia em Processos de Cidadania Portuguesa para Filhos, Netos, Bisnetos e C\u00f4njuges de Portugueses! [\/mk_fancy_title][\/vc_column_inner][\/vc_row_inner][\/vc_column][\/mk_page_section][mk_page_section bg_image=&#8221;https:\/\/dnacidadania.com.br\/antigo\/wp-content\/uploads\/2018\/10\/bg-topos-sobre-dna-mobile.jpg&#8221; bg_position=&#8221;center center&#8221; bg_repeat=&#8221;no-repeat&#8221; bg_stretch=&#8221;true&#8221; enable_3d=&#8221;true&#8221; video_color_mask=&#8221;#000000&#8243; video_opacity=&#8221;0.4&#8243; min_height=&#8221;200&#8243; visibility=&#8221;visible-sm&#8221; sidebar=&#8221;sidebar-1&#8243;][vc_column][vc_row_inner][vc_column_inner][mk_padding_divider size=&#8221;60&#8243;][mk_fancy_title tag_name=&#8221;h1&#8243; color=&#8221;#ffffff&#8221; size=&#8221;22&#8243; font_weight=&#8221;bold&#8221; font_family=&#8221;none&#8221; align=&#8221;right&#8221;]Refer\u00eancia em Processos de Nacionalidade Portuguesa! [\/mk_fancy_title][\/vc_column_inner][\/vc_row_inner][\/vc_column][\/mk_page_section][vc_row][vc_column][vc_row_inner][vc_column_inner [&hellip;]<\/p>\n","protected":false},"author":2,"featured_media":1193,"parent":0,"menu_order":0,"comment_status":"closed","ping_status":"closed","template":"","meta":{"footnotes":""},"class_list":["post-12","page","type-page","status-publish","has-post-thumbnail","hentry"],"_links":{"self":[{"href":"https:\/\/www.dnacidadania.com.br\/antigo\/wp-json\/wp\/v2\/pages\/12","targetHints":{"allow":["GET"]}}],"collection":[{"href":"https:\/\/www.dnacidadania.com.br\/antigo\/wp-json\/wp\/v2\/pages"}],"about":[{"href":"https:\/\/www.dnacidadania.com.br\/antigo\/wp-json\/wp\/v2\/types\/page"}],"author":[{"embeddable":true,"href":"https:\/\/www.dnacidadania.com.br\/antigo\/wp-json\/wp\/v2\/users\/2"}],"replies":[{"embeddable":true,"href":"https:\/\/www.dnacidadania.com.br\/antigo\/wp-json\/wp\/v2\/comments?post=12"}],"version-history":[{"count":117,"href":"https:\/\/www.dnacidadania.com.br\/antigo\/wp-json\/wp\/v2\/pages\/12\/revisions"}],"predecessor-version":[{"id":4219,"href":"https:\/\/www.dnacidadania.com.br\/antigo\/wp-json\/wp\/v2\/pages\/12\/revisions\/4219"}],"wp:featuredmedia":[{"embeddable":true,"href":"https:\/\/www.dnacidadania.com.br\/antigo\/wp-json\/wp\/v2\/media\/1193"}],"wp:attachment":[{"href":"https:\/\/www.dnacidadania.com.br\/antigo\/wp-json\/wp\/v2\/media?parent=12"}],"curies":[{"name":"wp","href":"https:\/\/api.w.org\/{rel}","templated":true}]}}